{"id":1444,"date":"2019-09-05T12:17:07","date_gmt":"2019-09-05T12:17:07","guid":{"rendered":"http:\/\/zt-sternig.at\/blog\/?page_id=1444"},"modified":"2019-09-05T12:22:35","modified_gmt":"2019-09-05T12:22:35","slug":"jobs","status":"publish","type":"page","link":"https:\/\/zt-sternig.at\/blog\/jobs","title":{"rendered":"Jobs"},"content":{"rendered":"<section class=\"wpb-content-wrapper\"><p>[vc_row][vc_column][vc_column_text]<strong>Zur Verst\u00e4rkung unseres Teams suchen wir laufend Bautechniker (HTL, FH, TU) mit Interesse f\u00fcr statisch konstruktive Aufgaben.<\/strong><\/p>\n<p>Kontakt:<\/p>\n<p>Dipl. Ing. Ralf Sternig<br \/>\nIngenieurkonsulent f\u00fcr Bauwesen<\/p>\n<p>Pestalozzistra\u00dfe 27<br \/>\nA-9500 Villach<\/p>\n<p>Telefon: 04242\/226 55<br \/>\nFax: \u00a0 \u00a0 \u00a0 \u00a004242\/226 55-21<\/p>\n<p>Wenn Sie sich bewerben m\u00f6chten, dann rufen Sie doch einfach an oder senden uns ein E-Mail mit Ihren Bewerbungsunterlagen an:<a href=\"http:\/\/www.zt-sternig.at\/blog\/jobs\/office@zt-sternig.at\"> office@zt-sternig.at<\/a>[\/vc_column_text][\/vc_column][\/vc_row]<\/p>\n<\/section>","protected":false},"excerpt":{"rendered":"<p>[vc_row][vc_column][vc_column_text]Zur Verst\u00e4rkung unseres Teams suchen wir laufend Bautechniker (HTL, FH, TU) mit Interesse f\u00fcr statisch konstruktive Aufgaben. Kontakt: Dipl. Ing. Ralf Sternig Ingenieurkonsulent f\u00fcr Bauwesen Pestalozzistra\u00dfe 27 A-9500 Villach Telefon: 04242\/226 55 Fax: \u00a0 \u00a0 \u00a0 \u00a004242\/226 55-21 Wenn Sie sich bewerben m\u00f6chten, dann rufen Sie doch einfach an oder senden uns ein E-Mail mit [&hellip;]<\/p>\n","protected":false},"author":1,"featured_media":0,"parent":0,"menu_order":0,"comment_status":"closed","ping_status":"closed","template":"page-templates\/template-fullwidth.php","meta":{"footnotes":""},"class_list":["post-1444","page","type-page","status-publish","hentry"],"_links":{"self":[{"href":"https:\/\/zt-sternig.at\/blog\/wp-json\/wp\/v2\/pages\/1444","targetHints":{"allow":["GET"]}}],"collection":[{"href":"https:\/\/zt-sternig.at\/blog\/wp-json\/wp\/v2\/pages"}],"about":[{"href":"https:\/\/zt-sternig.at\/blog\/wp-json\/wp\/v2\/types\/page"}],"author":[{"embeddable":true,"href":"https:\/\/zt-sternig.at\/blog\/wp-json\/wp\/v2\/users\/1"}],"replies":[{"embeddable":true,"href":"https:\/\/zt-sternig.at\/blog\/wp-json\/wp\/v2\/comments?post=1444"}],"version-history":[{"count":2,"href":"https:\/\/zt-sternig.at\/blog\/wp-json\/wp\/v2\/pages\/1444\/revisions"}],"predecessor-version":[{"id":1449,"href":"https:\/\/zt-sternig.at\/blog\/wp-json\/wp\/v2\/pages\/1444\/revisions\/1449"}],"wp:attachment":[{"href":"https:\/\/zt-sternig.at\/blog\/wp-json\/wp\/v2\/media?parent=1444"}],"curies":[{"name":"wp","href":"https:\/\/api.w.org\/{rel}","templated":true}]}}